{"id":3374,"date":"2022-01-31T17:40:00","date_gmt":"2022-01-31T22:40:00","guid":{"rendered":"https:\/\/www.fokainternational.com\/?page_id=3374"},"modified":"2022-01-31T18:11:00","modified_gmt":"2022-01-31T23:11:00","slug":"extra-virgin-olive-oil","status":"publish","type":"page","link":"https:\/\/www.fokainternational.com\/fr\/products\/extra-virgin-olive-oil\/","title":{"rendered":"Huile d&#039;olive extra vierge"},"content":{"rendered":"<p><div class=\"fusion-fullwidth fullwidth-box fusion-builder-row-1 fusion-flex-container nonhundred-percent-fullwidth non-hundred-percent-height-scrolling\" style=\"background-color: #f7f7f7;background-position: center center;background-repeat: no-repeat;border-width: 0px 0px 0px 0px;border-color:rgba(0,0,0,0.08);border-style:solid;\" ><div class=\"fusion-builder-row fusion-row fusion-flex-align-items-flex-start\" style=\"max-width:1372.8px;margin-left: calc(-4% \/ 2 );margin-right: calc(-4% \/ 2 );\"><div class=\"fusion-layout-column fusion_builder_column fusion-builder-column-0 fusion_builder_column_2_3 2_3 fusion-flex-column fusion-flex-align-self-stretch\"><div class=\"fusion-column-wrapper fusion-flex-justify-content-center fusion-content-layout-column\" style=\"background-position:left top;background-repeat:no-repeat;-webkit-background-size:cover;-moz-background-size:cover;-o-background-size:cover;background-size:cover;padding: 0px 0px 0px 0px;\"><div class=\"fusion-text fusion-text-1\" style=\"font-size:18px;letter-spacing:0.5px;font-family:&quot;Poppins&quot;;margin-top:20px;\"><h3 data-fontsize=\"32\" style=\"--fontSize:32; line-height: 1.26;\" data-lineheight=\"40.32px\" class=\"fusion-responsive-typography-calculated\">IZNAOLIVA \u2013 Huile d&#039;olive extra vierge 500 ml<\/h3>\n<p>Huile d&#039;olive extra vierge certifi\u00e9e d&#039;Espagne. Huile d&#039;olive press\u00e9e \u00e0 froid. Cat\u00e9gorie prim\u00e9e et sup\u00e9rieure. Cette marque de production respectueuse de l&#039;environnement est un excellent choix sain \u00e0 utiliser pour tout, de la salade, de la vinaigrette \u00e0 la friture. <\/p>\n<p>Andalousie Qualit\u00e9 Certifi\u00e9e \/ Appellation d&#039;Origine Montes de Granada (DOM)<\/p>\n<\/div><\/div><style type=\"text\/css\">.fusion-body .fusion-builder-column-0{width:66.666666666667% !important;margin-top : 20px;margin-bottom : 20px;}.fusion-builder-column-0 > .fusion-column-wrapper {padding-top : 0px !important;padding-right : 0px !important;margin-right : 2.88%;padding-bottom : 0px !important;padding-left : 0px !important;margin-left : 2.88%;}@media only screen and (max-width:1024px) {.fusion-body .fusion-builder-column-0{width:66.666666666667% !important;order : 0;}.fusion-builder-column-0 > .fusion-column-wrapper {margin-right : 2.88%;margin-left : 2.88%;}}@media only screen and (max-width:640px) {.fusion-body .fusion-builder-column-0{width:100% !important;order : 0;}.fusion-builder-column-0 > .fusion-column-wrapper {margin-right : 1.92%;margin-left : 1.92%;}}<\/style><\/div><div class=\"fusion-layout-column fusion_builder_column fusion-builder-column-1 fusion_builder_column_1_3 1_3 fusion-flex-column fusion-flex-align-self-stretch\"><div class=\"fusion-column-wrapper fusion-flex-justify-content-center fusion-content-layout-column\" style=\"background-position:left top;background-repeat:no-repeat;-webkit-background-size:cover;-moz-background-size:cover;-o-background-size:cover;background-size:cover;padding: 0px 0px 0px 0px;\"><div style=\"text-align:center;\"><span class=\"fusion-imageframe imageframe-none imageframe-1 hover-type-none\" style=\"border-radius:8px;\"><img decoding=\"async\" width=\"98\" height=\"300\" title=\"500mlIZNAOLIVA\" src=\"https:\/\/www.fokainternational.com\/wp-content\/uploads\/2022\/01\/500mlIZNAOLIVA.jpg\" data-orig-src=\"https:\/\/www.fokainternational.com\/wp-content\/uploads\/2022\/01\/500mlIZNAOLIVA-98x300.jpg\" alt class=\"lazyload img-responsive wp-image-3376\" srcset=\"data:image\/svg+xml,%3Csvg%20xmlns%3D%27http%3A%2F%2Fwww.w3.org%2F2000%2Fsvg%27%20width%3D%27300%27%20height%3D%27920%27%20viewBox%3D%270%200%20300%20920%27%3E%3Crect%20width%3D%27300%27%20height%3D%27920%27%20fill-opacity%3D%220%22%2F%3E%3C%2Fsvg%3E\" data-srcset=\"https:\/\/www.fokainternational.com\/wp-content\/uploads\/2022\/01\/500mlIZNAOLIVA-200x613.jpg 200w, https:\/\/www.fokainternational.com\/wp-content\/uploads\/2022\/01\/500mlIZNAOLIVA.jpg 300w\" data-sizes=\"auto\" data-orig-sizes=\"(max-width: 640px) 100vw, 98px\" \/><\/span><\/div><\/div><style type=\"text\/css\">.fusion-body .fusion-builder-column-1{width:33.333333333333% !important;margin-top : 20px;margin-bottom : 20px;}.fusion-builder-column-1 > .fusion-column-wrapper {padding-top : 0px !important;padding-right : 0px !important;margin-right : 5.76%;padding-bottom : 0px !important;padding-left : 0px !important;margin-left : 5.76%;}@media only screen and (max-width:1024px) {.fusion-body .fusion-builder-column-1{width:33.333333333333% !important;order : 0;}.fusion-builder-column-1 > .fusion-column-wrapper {margin-right : 5.76%;margin-left : 5.76%;}}@media only screen and (max-width:640px) {.fusion-body .fusion-builder-column-1{width:100% !important;order : 0;}.fusion-builder-column-1 > .fusion-column-wrapper {margin-right : 1.92%;margin-left : 1.92%;}}<\/style><\/div><\/div><style type=\"text\/css\">.fusion-body .fusion-flex-container.fusion-builder-row-1{ padding-top : 62px;margin-top : 0px;padding-right : 0px;padding-bottom : 54px;margin-bottom : 0px;padding-left : 0px;}<\/style><\/div><div class=\"fusion-fullwidth fullwidth-box fusion-builder-row-2 fusion-flex-container nonhundred-percent-fullwidth non-hundred-percent-height-scrolling\" style=\"background-color: #ffffff;background-position: center center;background-repeat: no-repeat;border-width: 0px 0px 0px 0px;border-color:rgba(0,0,0,0.08);border-style:solid;\" ><div class=\"fusion-builder-row fusion-row fusion-flex-align-items-flex-start\" style=\"max-width:1372.8px;margin-left: calc(-4% \/ 2 );margin-right: calc(-4% \/ 2 );\"><div class=\"fusion-layout-column fusion_builder_column fusion-builder-column-2 fusion_builder_column_1_3 1_3 fusion-flex-column fusion-flex-align-self-stretch\"><div class=\"fusion-column-wrapper fusion-flex-justify-content-center fusion-content-layout-column\" style=\"background-position:left top;background-repeat:no-repeat;-webkit-background-size:cover;-moz-background-size:cover;-o-background-size:cover;background-size:cover;padding: 0px 0px 0px 0px;\"><div style=\"text-align:center;\"><span class=\"fusion-imageframe imageframe-none imageframe-2 hover-type-none\" style=\"border-radius:8px;\"><img decoding=\"async\" width=\"69\" height=\"300\" title=\"750mlIZNAOLIVA\" src=\"https:\/\/www.fokainternational.com\/wp-content\/uploads\/2022\/01\/750mlIZNAOLIVA.jpg\" data-orig-src=\"https:\/\/www.fokainternational.com\/wp-content\/uploads\/2022\/01\/750mlIZNAOLIVA-69x300.jpg\" alt class=\"lazyload img-responsive wp-image-3378\" srcset=\"data:image\/svg+xml,%3Csvg%20xmlns%3D%27http%3A%2F%2Fwww.w3.org%2F2000%2Fsvg%27%20width%3D%27285%27%20height%3D%271235%27%20viewBox%3D%270%200%20285%201235%27%3E%3Crect%20width%3D%27285%27%20height%3D%271235%27%20fill-opacity%3D%220%22%2F%3E%3C%2Fsvg%3E\" data-srcset=\"https:\/\/www.fokainternational.com\/wp-content\/uploads\/2022\/01\/750mlIZNAOLIVA-200x867.jpg 200w, https:\/\/www.fokainternational.com\/wp-content\/uploads\/2022\/01\/750mlIZNAOLIVA.jpg 285w\" data-sizes=\"auto\" data-orig-sizes=\"(max-width: 640px) 100vw, 69px\" \/><\/span><\/div><\/div><style type=\"text\/css\">.fusion-body .fusion-builder-column-2{width:33.333333333333% !important;margin-top : 20px;margin-bottom : 20px;}.fusion-builder-column-2 > .fusion-column-wrapper {padding-top : 0px !important;padding-right : 0px !important;margin-right : 5.76%;padding-bottom : 0px !important;padding-left : 0px !important;margin-left : 5.76%;}@media only screen and (max-width:1024px) {.fusion-body .fusion-builder-column-2{width:33.333333333333% !important;order : 0;}.fusion-builder-column-2 > .fusion-column-wrapper {margin-right : 5.76%;margin-left : 5.76%;}}@media only screen and (max-width:640px) {.fusion-body .fusion-builder-column-2{width:100% !important;order : 0;}.fusion-builder-column-2 > .fusion-column-wrapper {margin-right : 1.92%;margin-left : 1.92%;}}<\/style><\/div><div class=\"fusion-layout-column fusion_builder_column fusion-builder-column-3 fusion_builder_column_2_3 2_3 fusion-flex-column fusion-flex-align-self-stretch\"><div class=\"fusion-column-wrapper fusion-flex-justify-content-center fusion-content-layout-column\" style=\"background-position:left top;background-repeat:no-repeat;-webkit-background-size:cover;-moz-background-size:cover;-o-background-size:cover;background-size:cover;padding: 0px 0px 0px 0px;\"><div class=\"fusion-text fusion-text-2\" style=\"font-size:18px;letter-spacing:0.5px;font-family:&quot;Poppins&quot;;margin-top:20px;\"><h3 data-fontsize=\"32\" style=\"--fontSize:32; line-height: 1.26;\" data-lineheight=\"40.32px\" class=\"fusion-responsive-typography-calculated\">IZNAOLIVA \u2013 Huile d&#039;olive extra vierge 750 ml<\/h3>\n<p>Huile d&#039;olive extra vierge certifi\u00e9e d&#039;Espagne. Huile d&#039;olive press\u00e9e \u00e0 froid. Cat\u00e9gorie prim\u00e9e et sup\u00e9rieure. Cette marque de production respectueuse de l&#039;environnement est un excellent choix sain \u00e0 utiliser pour tout, de la salade, de la vinaigrette \u00e0 la friture. <\/p>\n<p>Andalousie Qualit\u00e9 Certifi\u00e9e \/ Appellation d&#039;Origine Montes de Granada (DOM)<\/p>\n<\/div><\/div><style type=\"text\/css\">.fusion-body .fusion-builder-column-3{width:66.666666666667% !important;margin-top : 20px;margin-bottom : 20px;}.fusion-builder-column-3 > .fusion-column-wrapper {padding-top : 0px !important;padding-right : 0px !important;margin-right : 2.88%;padding-bottom : 0px !important;padding-left : 0px !important;margin-left : 2.88%;}@media only screen and (max-width:1024px) {.fusion-body .fusion-builder-column-3{width:66.666666666667% !important;order : 0;}.fusion-builder-column-3 > .fusion-column-wrapper {margin-right : 2.88%;margin-left : 2.88%;}}@media only screen and (max-width:640px) {.fusion-body .fusion-builder-column-3{width:100% !important;order : 0;}.fusion-builder-column-3 > .fusion-column-wrapper {margin-right : 1.92%;margin-left : 1.92%;}}<\/style><\/div><\/div><style type=\"text\/css\">.fusion-body .fusion-flex-container.fusion-builder-row-2{ padding-top : 62px;margin-top : 0px;padding-right : 0px;padding-bottom : 54px;margin-bottom : 0px;padding-left : 0px;}<\/style><\/div><\/p>","protected":false},"excerpt":{"rendered":"","protected":false},"author":4,"featured_media":0,"parent":3183,"menu_order":0,"comment_status":"closed","ping_status":"closed","template":"100-width.php","meta":{"footnotes":""},"class_list":["post-3374","page","type-page","status-publish","hentry"],"_links":{"self":[{"href":"https:\/\/www.fokainternational.com\/fr\/wp-json\/wp\/v2\/pages\/3374","targetHints":{"allow":["GET"]}}],"collection":[{"href":"https:\/\/www.fokainternational.com\/fr\/wp-json\/wp\/v2\/pages"}],"about":[{"href":"https:\/\/www.fokainternational.com\/fr\/wp-json\/wp\/v2\/types\/page"}],"author":[{"embeddable":true,"href":"https:\/\/www.fokainternational.com\/fr\/wp-json\/wp\/v2\/users\/4"}],"replies":[{"embeddable":true,"href":"https:\/\/www.fokainternational.com\/fr\/wp-json\/wp\/v2\/comments?post=3374"}],"version-history":[{"count":2,"href":"https:\/\/www.fokainternational.com\/fr\/wp-json\/wp\/v2\/pages\/3374\/revisions"}],"predecessor-version":[{"id":3379,"href":"https:\/\/www.fokainternational.com\/fr\/wp-json\/wp\/v2\/pages\/3374\/revisions\/3379"}],"up":[{"embeddable":true,"href":"https:\/\/www.fokainternational.com\/fr\/wp-json\/wp\/v2\/pages\/3183"}],"wp:attachment":[{"href":"https:\/\/www.fokainternational.com\/fr\/wp-json\/wp\/v2\/media?parent=3374"}],"curies":[{"name":"wp","href":"https:\/\/api.w.org\/{rel}","templated":true}]}}