{"id":3199,"date":"2021-11-24T02:39:21","date_gmt":"2021-11-24T02:39:21","guid":{"rendered":"https:\/\/www.fokainternational.com\/?page_id=3199"},"modified":"2021-11-24T08:15:35","modified_gmt":"2021-11-24T08:15:35","slug":"community","status":"publish","type":"page","link":"https:\/\/www.fokainternational.com\/fr\/community\/","title":{"rendered":"Communaut\u00e9"},"content":{"rendered":"<div class=\"fusion-fullwidth fullwidth-box fusion-builder-row-1 fusion-flex-container nonhundred-percent-fullwidth non-hundred-percent-height-scrolling\" style=\"background-color: rgba(255,255,255,0);background-position: center center;background-repeat: no-repeat;border-width: 0px 0px 0px 0px;border-color:rgba(0,0,0,0.08);border-style:solid;\" ><div class=\"fusion-builder-row fusion-row fusion-flex-align-items-flex-start\" style=\"max-width:1372.8px;margin-left: calc(-4% \/ 2 );margin-right: calc(-4% \/ 2 );\"><div class=\"fusion-layout-column fusion_builder_column fusion-builder-column-0 fusion_builder_column_1_2 1_2 fusion-flex-column fusion-flex-align-self-stretch\"><div class=\"fusion-column-wrapper fusion-flex-justify-content-flex-start fusion-content-layout-column\" style=\"background-position:left top;background-repeat:no-repeat;-webkit-background-size:cover;-moz-background-size:cover;-o-background-size:cover;background-size:cover;padding: 13px 0px 0px 0px;\"><div ><span class=\"fusion-imageframe imageframe-none imageframe-1 hover-type-none\" style=\"border-radius:8px;\"><img decoding=\"async\" width=\"800\" height=\"526\" title=\"dreamtime_s_41494604\" src=\"https:\/\/www.fokainternational.com\/wp-content\/uploads\/2021\/11\/dreamstime_s_41494604.jpg\" data-orig-src=\"https:\/\/www.fokainternational.com\/wp-content\/uploads\/2021\/11\/dreamstime_s_41494604.jpg\" alt class=\"lazyload img-responsive wp-image-3231\" srcset=\"data:image\/svg+xml,%3Csvg%20xmlns%3D%27http%3A%2F%2Fwww.w3.org%2F2000%2Fsvg%27%20width%3D%27800%27%20height%3D%27526%27%20viewBox%3D%270%200%20800%20526%27%3E%3Crect%20width%3D%27800%27%20height%3D%27526%27%20fill-opacity%3D%220%22%2F%3E%3C%2Fsvg%3E\" data-srcset=\"https:\/\/www.fokainternational.com\/wp-content\/uploads\/2021\/11\/dreamstime_s_41494604-200x132.jpg 200w, https:\/\/www.fokainternational.com\/wp-content\/uploads\/2021\/11\/dreamstime_s_41494604-400x263.jpg 400w, https:\/\/www.fokainternational.com\/wp-content\/uploads\/2021\/11\/dreamstime_s_41494604-600x395.jpg 600w, https:\/\/www.fokainternational.com\/wp-content\/uploads\/2021\/11\/dreamstime_s_41494604.jpg 800w\" data-sizes=\"auto\" data-orig-sizes=\"(max-width: 640px) 100vw, 800px\" \/><\/span><\/div><\/div><style type=\"text\/css\">.fusion-body .fusion-builder-column-0{width:50% !important;margin-top : 20px;margin-bottom : 20px;}.fusion-builder-column-0 > .fusion-column-wrapper {padding-top : 13px !important;padding-right : 0px !important;margin-right : 3.84%;padding-bottom : 0px !important;padding-left : 0px !important;margin-left : 3.84%;}@media only screen and (max-width:1024px) {.fusion-body .fusion-builder-column-0{width:50% !important;order : 0;}.fusion-builder-column-0 > .fusion-column-wrapper {margin-right : 3.84%;margin-left : 3.84%;}}@media only screen and (max-width:640px) {.fusion-body .fusion-builder-column-0{width:100% !important;order : 0;}.fusion-builder-column-0 > .fusion-column-wrapper {margin-right : 1.92%;margin-left : 1.92%;}}<\/style><\/div><div class=\"fusion-layout-column fusion_builder_column fusion-builder-column-1 fusion_builder_column_1_2 1_2 fusion-flex-column fusion-flex-align-self-stretch\"><div class=\"fusion-column-wrapper fusion-flex-justify-content-flex-start fusion-content-layout-column\" style=\"background-position:left top;background-repeat:no-repeat;-webkit-background-size:cover;-moz-background-size:cover;-o-background-size:cover;background-size:cover;padding: 0px 0px 0px 0px;\"><style type=\"text\/css\">@media only screen and (max-width:1024px) {.fusion-title.fusion-title-1{margin-top:15px!important; margin-right:0px!important;margin-bottom:15px!important;margin-left:0px!important;}}@media only screen and (max-width:640px) {.fusion-title.fusion-title-1{margin-top:12px!important; margin-right:0px!important;margin-bottom:24px!important; margin-left:0px!important;}}<\/style><div class=\"fusion-title title fusion-title-1 fusion-sep-none fusion-title-text fusion-title-size-one\" style=\"font-size:30px;margin-top:15px;margin-right:0px;margin-bottom:15px;margin-left:0px;\"><h1 class=\"title-heading-left fusion-responsive-typography-calculated\" style=\"font-family:&quot;Poppins&quot;;margin:0;font-size:1em;--fontSize:30;line-height:1.12;\">Communaut\u00e9<\/h1><\/div><div class=\"fusion-text fusion-text-1\" style=\"font-size:16px;font-family:&quot;Poppins&quot;;\"><p>Nous sommes tr\u00e8s pr\u00e9occup\u00e9s par le bien-\u00eatre socio-\u00e9conomique de notre communaut\u00e9. Nous croyons qu&#039;il est important d&#039;exprimer notre attachement et notre reconnaissance \u00e0 la communaut\u00e9. Notre tradition philanthropique est de contribuer \u00e0 d&#039;importants projets sociaux et de d\u00e9veloppement qui contribuent \u00e0 am\u00e9liorer la vie de nos familles. Nos employ\u00e9s soutiennent nos engagements sociaux et nous sommes tr\u00e8s fiers de la fa\u00e7on dont ils refl\u00e8tent nos valeurs.<\/p>\n<\/div><style type=\"text\/css\">@media only screen and (max-width:1024px) {.fusion-title.fusion-title-2{margin-top:15px!important; margin-right:0px!important;margin-bottom:15px!important;margin-left:0px!important;}}@media only screen and (max-width:640px) {.fusion-title.fusion-title-2{margin-top:12px!important; margin-right:0px!important;margin-bottom:24px!important; margin-left:0px!important;}}<\/style><div class=\"fusion-title title fusion-title-2 fusion-sep-none fusion-title-text fusion-title-size-one\" style=\"font-size:22px;margin-top:15px;margin-right:0px;margin-bottom:15px;margin-left:0px;\"><h1 class=\"title-heading-left fusion-responsive-typography-calculated\" style=\"font-family:&quot;Poppins&quot;;margin:0;font-size:1em;--fontSize:22;--minFontSize:22px;line-height:1.12;\">Foka International :<\/h1><\/div><div class=\"fusion-text fusion-text-2\" style=\"font-size:16px;line-height:2;font-family:&quot;Poppins&quot;;\"><ul>\n<li>Soutient des activit\u00e9s et des \u00e9v\u00e9nements culturels ax\u00e9s sur l&#039;\u00e9mancipation de nos jeunes.<\/li>\n<li>Soutient nos partenaires commerciaux qui essaient g\u00e9n\u00e9reusement de &quot;faire une diff\u00e9rence dans la vie quotidienne des gens&quot;.<\/li>\n<li>Travaille en \u00e9troite collaboration avec plusieurs groupes sociaux et leaders communautaires locaux pour mener \u00e0 bien divers projets sociaux.<\/li>\n<\/ul>\n<\/div><\/div><style type=\"text\/css\">.fusion-body .fusion-builder-column-1{width:50% !important;margin-top : 20px;margin-bottom : 20px;}.fusion-builder-column-1 > .fusion-column-wrapper {padding-top : 0px !important;padding-right : 0px !important;margin-right : 0%;padding-bottom : 0px !important;padding-left : 0px !important;margin-left : 3.84%;}@media only screen and (max-width:1024px) {.fusion-body .fusion-builder-column-1{width:50% !important;order : 0;}.fusion-builder-column-1 > .fusion-column-wrapper {margin-right : 0%;margin-left : 3.84%;}}@media only screen and (max-width:640px) {.fusion-body .fusion-builder-column-1{width:100% !important;order : 0;}.fusion-builder-column-1 > .fusion-column-wrapper {margin-right : 1.92%;margin-left : 1.92%;}}<\/style><\/div><\/div><style type=\"text\/css\">.fusion-body .fusion-flex-container.fusion-builder-row-1{ padding-top : 72px;margin-top : 0px;padding-right : 0px;padding-bottom : 35px;margin-bottom : 0px;padding-left : 0px;}<\/style><\/div>","protected":false},"excerpt":{"rendered":"","protected":false},"author":4,"featured_media":0,"parent":0,"menu_order":0,"comment_status":"closed","ping_status":"closed","template":"100-width.php","meta":{"footnotes":""},"class_list":["post-3199","page","type-page","status-publish","hentry"],"_links":{"self":[{"href":"https:\/\/www.fokainternational.com\/fr\/wp-json\/wp\/v2\/pages\/3199","targetHints":{"allow":["GET"]}}],"collection":[{"href":"https:\/\/www.fokainternational.com\/fr\/wp-json\/wp\/v2\/pages"}],"about":[{"href":"https:\/\/www.fokainternational.com\/fr\/wp-json\/wp\/v2\/types\/page"}],"author":[{"embeddable":true,"href":"https:\/\/www.fokainternational.com\/fr\/wp-json\/wp\/v2\/users\/4"}],"replies":[{"embeddable":true,"href":"https:\/\/www.fokainternational.com\/fr\/wp-json\/wp\/v2\/comments?post=3199"}],"version-history":[{"count":2,"href":"https:\/\/www.fokainternational.com\/fr\/wp-json\/wp\/v2\/pages\/3199\/revisions"}],"predecessor-version":[{"id":3232,"href":"https:\/\/www.fokainternational.com\/fr\/wp-json\/wp\/v2\/pages\/3199\/revisions\/3232"}],"wp:attachment":[{"href":"https:\/\/www.fokainternational.com\/fr\/wp-json\/wp\/v2\/media?parent=3199"}],"curies":[{"name":"wp","href":"https:\/\/api.w.org\/{rel}","templated":true}]}}