{"id":3181,"date":"2021-11-24T02:35:38","date_gmt":"2021-11-24T02:35:38","guid":{"rendered":"https:\/\/www.fokainternational.com\/?page_id=3181"},"modified":"2021-11-24T08:07:19","modified_gmt":"2021-11-24T08:07:19","slug":"careers","status":"publish","type":"page","link":"https:\/\/www.fokainternational.com\/fr\/about-us\/careers\/","title":{"rendered":"Carri\u00e8res"},"content":{"rendered":"<div class=\"fusion-fullwidth fullwidth-box fusion-builder-row-1 fusion-flex-container nonhundred-percent-fullwidth non-hundred-percent-height-scrolling\" style=\"background-color: rgba(255,255,255,0);background-position: center center;background-repeat: no-repeat;border-width: 0px 0px 0px 0px;border-color:rgba(0,0,0,0.08);border-style:solid;\" ><div class=\"fusion-builder-row fusion-row fusion-flex-align-items-flex-start\" style=\"max-width:1372.8px;margin-left: calc(-4% \/ 2 );margin-right: calc(-4% \/ 2 );\"><div class=\"fusion-layout-column fusion_builder_column fusion-builder-column-0 fusion_builder_column_1_2 1_2 fusion-flex-column fusion-flex-align-self-center\"><div class=\"fusion-column-wrapper fusion-flex-justify-content-space-between fusion-content-layout-column\" style=\"background-position:left top;background-repeat:no-repeat;-webkit-background-size:cover;-moz-background-size:cover;-o-background-size:cover;background-size:cover;padding: 0px 0px 0px 0px;\"><style type=\"text\/css\">@media only screen and (max-width:1024px) {.fusion-title.fusion-title-1{margin-top:15px!important; margin-right:0px!important;margin-bottom:15px!important;margin-left:0px!important;}}@media only screen and (max-width:640px) {.fusion-title.fusion-title-1{margin-top:12px!important; margin-right:0px!important;margin-bottom:24px!important; margin-left:0px!important;}}<\/style><div class=\"fusion-title title fusion-title-1 fusion-sep-none fusion-title-text fusion-title-size-one\" style=\"font-size:30px;margin-top:15px;margin-right:0px;margin-bottom:15px;margin-left:0px;\"><h1 class=\"title-heading-left fusion-responsive-typography-calculated\" style=\"font-family:&quot;Poppins&quot;;margin:0;font-size:1em;--fontSize:30;line-height:1.12;\">Carri\u00e8res<\/h1><\/div><div class=\"fusion-text fusion-text-1\" style=\"font-size:16px;font-family:&quot;Poppins&quot;;\"><p>Foka International offre diverses opportunit\u00e9s de croissance personnelle et professionnelle. Nous souscrivons fermement aux principes d&#039;\u00e9galit\u00e9 des sexes et d&#039;\u00e9quit\u00e9 des chances pour tous, y compris les personnes handicap\u00e9es physiques.<\/p>\n<\/div><style type=\"text\/css\">@media only screen and (max-width:1024px) {.fusion-title.fusion-title-2{margin-top:15px!important; margin-right:0px!important;margin-bottom:15px!important;margin-left:0px!important;}}@media only screen and (max-width:640px) {.fusion-title.fusion-title-2{margin-top:12px!important; margin-right:0px!important;margin-bottom:24px!important; margin-left:0px!important;}}<\/style><div class=\"fusion-title title fusion-title-2 fusion-sep-none fusion-title-text fusion-title-size-one\" style=\"font-size:22px;margin-top:15px;margin-right:0px;margin-bottom:15px;margin-left:0px;\"><h1 class=\"title-heading-left fusion-responsive-typography-calculated\" style=\"font-family:&quot;Poppins&quot;;margin:0;font-size:1em;--fontSize:22;--minFontSize:22px;line-height:1.12;\">Opportunit\u00e9s actuelles<\/h1><\/div><div class=\"fusion-text fusion-text-2\" style=\"font-size:16px;font-family:&quot;Poppins&quot;;\"><div><strong>PS : Aucun poste disponible<\/strong><\/div>\n<p>Nous remercions tous ceux qui ont manifest\u00e9 leur int\u00e9r\u00eat pour Foka International. S&#039;il n&#039;y a pas de poste disponible ou qu&#039;aucune des offres d&#039;emploi ci-dessus ne correspond \u00e0 votre objectif d&#039;emploi, vous pouvez toujours nous envoyer votre CV \u00e0 l&#039;adresse suivante :<strong><span style=\"color: #339966;\">\u00a0<a style=\"color: #339966;\" href=\"mailto:rh@fokainternational.com\">hr@fokainternational.com<\/a>\u00a0<\/span><\/strong>pour les postes \u00e0 venir.<\/p>\n<\/div><\/div><style type=\"text\/css\">.fusion-body .fusion-builder-column-0{width:50% !important;margin-top : 20px;margin-bottom : 20px;}.fusion-builder-column-0 > .fusion-column-wrapper {padding-top : 0px !important;padding-right : 0px !important;margin-right : 0%;padding-bottom : 0px !important;padding-left : 0px !important;margin-left : 3.84%;}@media only screen and (max-width:1024px) {.fusion-body .fusion-builder-column-0{width:50% !important;order : 0;}.fusion-builder-column-0 > .fusion-column-wrapper {margin-right : 0%;margin-left : 3.84%;}}@media only screen and (max-width:640px) {.fusion-body .fusion-builder-column-0{width:100% !important;order : 0;}.fusion-builder-column-0 > .fusion-column-wrapper {margin-right : 1.92%;margin-left : 1.92%;}}<\/style><\/div><div class=\"fusion-layout-column fusion_builder_column fusion-builder-column-1 fusion_builder_column_1_2 1_2 fusion-flex-column fusion-flex-align-self-center\"><div class=\"fusion-column-wrapper fusion-flex-justify-content-flex-start fusion-content-layout-column\" style=\"background-position:left top;background-repeat:no-repeat;-webkit-background-size:cover;-moz-background-size:cover;-o-background-size:cover;background-size:cover;padding: 0px 0px 0px 0px;\"><div ><span class=\"fusion-imageframe imageframe-none imageframe-1 hover-type-none\" style=\"border-radius:8px;\"><img decoding=\"async\" width=\"800\" height=\"610\" title=\"dreamtime_s_56303459\" src=\"https:\/\/www.fokainternational.com\/wp-content\/uploads\/2021\/11\/dreamstime_s_56303459.jpg\" data-orig-src=\"https:\/\/www.fokainternational.com\/wp-content\/uploads\/2021\/11\/dreamstime_s_56303459.jpg\" alt class=\"lazyload img-responsive wp-image-3226\" srcset=\"data:image\/svg+xml,%3Csvg%20xmlns%3D%27http%3A%2F%2Fwww.w3.org%2F2000%2Fsvg%27%20width%3D%27800%27%20height%3D%27610%27%20viewBox%3D%270%200%20800%20610%27%3E%3Crect%20width%3D%27800%27%20height%3D%27610%27%20fill-opacity%3D%220%22%2F%3E%3C%2Fsvg%3E\" data-srcset=\"https:\/\/www.fokainternational.com\/wp-content\/uploads\/2021\/11\/dreamstime_s_56303459-200x153.jpg 200w, https:\/\/www.fokainternational.com\/wp-content\/uploads\/2021\/11\/dreamstime_s_56303459-400x305.jpg 400w, https:\/\/www.fokainternational.com\/wp-content\/uploads\/2021\/11\/dreamstime_s_56303459-600x458.jpg 600w, https:\/\/www.fokainternational.com\/wp-content\/uploads\/2021\/11\/dreamstime_s_56303459.jpg 800w\" data-sizes=\"auto\" data-orig-sizes=\"(max-width: 640px) 100vw, 800px\" \/><\/span><\/div><\/div><style type=\"text\/css\">.fusion-body .fusion-builder-column-1{width:50% !important;margin-top : 20px;margin-bottom : 20px;}.fusion-builder-column-1 > .fusion-column-wrapper {padding-top : 0px !important;padding-right : 0px !important;margin-right : 3.84%;padding-bottom : 0px !important;padding-left : 0px !important;margin-left : 3.84%;}@media only screen and (max-width:1024px) {.fusion-body .fusion-builder-column-1{width:50% !important;order : 0;}.fusion-builder-column-1 > .fusion-column-wrapper {margin-right : 3.84%;margin-left : 3.84%;}}@media only screen and (max-width:640px) {.fusion-body .fusion-builder-column-1{width:100% !important;order : 0;}.fusion-builder-column-1 > .fusion-column-wrapper {margin-right : 1.92%;margin-left : 1.92%;}}<\/style><\/div><\/div><style type=\"text\/css\">.fusion-body .fusion-flex-container.fusion-builder-row-1{ padding-top : 35px;margin-top : 0px;padding-right : 0px;padding-bottom : 35px;margin-bottom : 0px;padding-left : 0px;}<\/style><\/div>","protected":false},"excerpt":{"rendered":"","protected":false},"author":4,"featured_media":0,"parent":3001,"menu_order":0,"comment_status":"closed","ping_status":"closed","template":"100-width.php","meta":{"footnotes":""},"class_list":["post-3181","page","type-page","status-publish","hentry"],"_links":{"self":[{"href":"https:\/\/www.fokainternational.com\/fr\/wp-json\/wp\/v2\/pages\/3181","targetHints":{"allow":["GET"]}}],"collection":[{"href":"https:\/\/www.fokainternational.com\/fr\/wp-json\/wp\/v2\/pages"}],"about":[{"href":"https:\/\/www.fokainternational.com\/fr\/wp-json\/wp\/v2\/types\/page"}],"author":[{"embeddable":true,"href":"https:\/\/www.fokainternational.com\/fr\/wp-json\/wp\/v2\/users\/4"}],"replies":[{"embeddable":true,"href":"https:\/\/www.fokainternational.com\/fr\/wp-json\/wp\/v2\/comments?post=3181"}],"version-history":[{"count":3,"href":"https:\/\/www.fokainternational.com\/fr\/wp-json\/wp\/v2\/pages\/3181\/revisions"}],"predecessor-version":[{"id":3228,"href":"https:\/\/www.fokainternational.com\/fr\/wp-json\/wp\/v2\/pages\/3181\/revisions\/3228"}],"up":[{"embeddable":true,"href":"https:\/\/www.fokainternational.com\/fr\/wp-json\/wp\/v2\/pages\/3001"}],"wp:attachment":[{"href":"https:\/\/www.fokainternational.com\/fr\/wp-json\/wp\/v2\/media?parent=3181"}],"curies":[{"name":"wp","href":"https:\/\/api.w.org\/{rel}","templated":true}]}}