{"id":3179,"date":"2021-11-24T02:35:06","date_gmt":"2021-11-24T02:35:06","guid":{"rendered":"https:\/\/www.fokainternational.com\/?page_id=3179"},"modified":"2022-03-24T13:03:31","modified_gmt":"2022-03-24T17:03:31","slug":"vision-and-values","status":"publish","type":"page","link":"https:\/\/www.fokainternational.com\/fr\/about-us\/vision-and-values\/","title":{"rendered":"Vision et valeurs"},"content":{"rendered":"<div class=\"fusion-fullwidth fullwidth-box fusion-builder-row-1 fusion-flex-container nonhundred-percent-fullwidth non-hundred-percent-height-scrolling\" style=\"background-color: rgba(255,255,255,0);background-position: center center;background-repeat: no-repeat;border-width: 0px 0px 0px 0px;border-color:rgba(0,0,0,0.08);border-style:solid;\" ><div class=\"fusion-builder-row fusion-row fusion-flex-align-items-flex-start\" style=\"max-width:1372.8px;margin-left: calc(-4% \/ 2 );margin-right: calc(-4% \/ 2 );\"><div class=\"fusion-layout-column fusion_builder_column fusion-builder-column-0 fusion_builder_column_1_2 1_2 fusion-flex-column fusion-flex-align-self-center\"><div class=\"fusion-column-wrapper fusion-flex-justify-content-flex-start fusion-content-layout-column\" style=\"background-position:left top;background-repeat:no-repeat;-webkit-background-size:cover;-moz-background-size:cover;-o-background-size:cover;background-size:cover;padding: 0px 0px 0px 0px;\"><style type=\"text\/css\">@media only screen and (max-width:1024px) {.fusion-title.fusion-title-1{margin-top:15px!important; margin-right:0px!important;margin-bottom:15px!important;margin-left:0px!important;}}@media only screen and (max-width:640px) {.fusion-title.fusion-title-1{margin-top:12px!important; margin-right:0px!important;margin-bottom:24px!important; margin-left:0px!important;}}<\/style><div class=\"fusion-title title fusion-title-1 fusion-sep-none fusion-title-text fusion-title-size-one\" style=\"font-size:30px;margin-top:15px;margin-right:0px;margin-bottom:15px;margin-left:0px;\"><h1 class=\"title-heading-left fusion-responsive-typography-calculated\" style=\"font-family:&quot;Poppins&quot;;margin:0;font-size:1em;--fontSize:30;line-height:1.12;\">Vision et valeurs<\/h1><\/div><div class=\"fusion-text fusion-text-1\" style=\"font-size:16px;font-family:&quot;Poppins&quot;;\"><p>Foka International a des valeurs fondamentales fortes et croit aux principes fondamentaux d&#039;int\u00e9grit\u00e9, d&#039;engagement et de responsabilit\u00e9 d&#039;entreprise. Nous travaillons avec des partenaires fid\u00e8les pour d\u00e9velopper une entreprise mutuellement prosp\u00e8re. Le facteur cl\u00e9 de notre succ\u00e8s est notre recherche incessante de la qualit\u00e9 dans chaque produit que nous proposons.<\/p>\n<p>Nous nous engageons \u00e0 fournir des produits de qualit\u00e9 uniques et \u00e0 \u00e9tablir de solides relations avec nos clients gr\u00e2ce \u00e0 un service exceptionnel.<\/p>\n<p>Nous croyons que nos comp\u00e9tences et notre professionnalisme sont nos principaux atouts, nous permettant de mieux comprendre et jauger les subtilit\u00e9s et les besoins du march\u00e9.<\/p>\n<\/div><\/div><style type=\"text\/css\">.fusion-body .fusion-builder-column-0{width:50% !important;margin-top : 20px;margin-bottom : 20px;}.fusion-builder-column-0 > .fusion-column-wrapper {padding-top : 0px !important;padding-right : 0px !important;margin-right : 0%;padding-bottom : 0px !important;padding-left : 0px !important;margin-left : 3.84%;}@media only screen and (max-width:1024px) {.fusion-body .fusion-builder-column-0{width:50% !important;order : 0;}.fusion-builder-column-0 > .fusion-column-wrapper {margin-right : 0%;margin-left : 3.84%;}}@media only screen and (max-width:640px) {.fusion-body .fusion-builder-column-0{width:100% !important;order : 0;}.fusion-builder-column-0 > .fusion-column-wrapper {margin-right : 1.92%;margin-left : 1.92%;}}<\/style><\/div><div class=\"fusion-layout-column fusion_builder_column fusion-builder-column-1 fusion_builder_column_1_2 1_2 fusion-flex-column fusion-flex-align-self-center\"><div class=\"fusion-column-wrapper fusion-flex-justify-content-flex-start fusion-content-layout-column\" style=\"background-position:left top;background-repeat:no-repeat;-webkit-background-size:cover;-moz-background-size:cover;-o-background-size:cover;background-size:cover;padding: 0px 0px 0px 0px;\"><div ><span class=\"fusion-imageframe imageframe-none imageframe-1 hover-type-none\" style=\"border-radius:8px;\"><img decoding=\"async\" width=\"1280\" height=\"853\" title=\"pexels-gustavo-fring-3985070\" src=\"https:\/\/www.fokainternational.com\/wp-content\/uploads\/2022\/03\/pexels-gustavo-fring-3985070.jpg\" data-orig-src=\"https:\/\/www.fokainternational.com\/wp-content\/uploads\/2022\/03\/pexels-gustavo-fring-3985070.jpg\" alt class=\"lazyload img-responsive wp-image-3508\" srcset=\"data:image\/svg+xml,%3Csvg%20xmlns%3D%27http%3A%2F%2Fwww.w3.org%2F2000%2Fsvg%27%20width%3D%271280%27%20height%3D%27853%27%20viewBox%3D%270%200%201280%20853%27%3E%3Crect%20width%3D%271280%27%20height%3D%27853%27%20fill-opacity%3D%220%22%2F%3E%3C%2Fsvg%3E\" data-srcset=\"https:\/\/www.fokainternational.com\/wp-content\/uploads\/2022\/03\/pexels-gustavo-fring-3985070-200x133.jpg 200w, https:\/\/www.fokainternational.com\/wp-content\/uploads\/2022\/03\/pexels-gustavo-fring-3985070-400x267.jpg 400w, https:\/\/www.fokainternational.com\/wp-content\/uploads\/2022\/03\/pexels-gustavo-fring-3985070-600x400.jpg 600w, https:\/\/www.fokainternational.com\/wp-content\/uploads\/2022\/03\/pexels-gustavo-fring-3985070-800x533.jpg 800w, https:\/\/www.fokainternational.com\/wp-content\/uploads\/2022\/03\/pexels-gustavo-fring-3985070-1200x800.jpg 1200w, https:\/\/www.fokainternational.com\/wp-content\/uploads\/2022\/03\/pexels-gustavo-fring-3985070.jpg 1280w\" data-sizes=\"auto\" data-orig-sizes=\"(max-width: 640px) 100vw, 800px\" \/><\/span><\/div><\/div><style type=\"text\/css\">.fusion-body .fusion-builder-column-1{width:50% !important;margin-top : 20px;margin-bottom : 20px;}.fusion-builder-column-1 > .fusion-column-wrapper {padding-top : 0px !important;padding-right : 0px !important;margin-right : 3.84%;padding-bottom : 0px !important;padding-left : 0px !important;margin-left : 3.84%;}@media only screen and (max-width:1024px) {.fusion-body .fusion-builder-column-1{width:50% !important;order : 0;}.fusion-builder-column-1 > .fusion-column-wrapper {margin-right : 3.84%;margin-left : 3.84%;}}@media only screen and (max-width:640px) {.fusion-body .fusion-builder-column-1{width:100% !important;order : 0;}.fusion-builder-column-1 > .fusion-column-wrapper {margin-right : 1.92%;margin-left : 1.92%;}}<\/style><\/div><\/div><style type=\"text\/css\">.fusion-body .fusion-flex-container.fusion-builder-row-1{ padding-top : 35px;margin-top : 0px;padding-right : 0px;padding-bottom : 35px;margin-bottom : 0px;padding-left : 0px;}<\/style><\/div>","protected":false},"excerpt":{"rendered":"","protected":false},"author":4,"featured_media":0,"parent":3001,"menu_order":0,"comment_status":"closed","ping_status":"closed","template":"100-width.php","meta":{"footnotes":""},"class_list":["post-3179","page","type-page","status-publish","hentry"],"_links":{"self":[{"href":"https:\/\/www.fokainternational.com\/fr\/wp-json\/wp\/v2\/pages\/3179","targetHints":{"allow":["GET"]}}],"collection":[{"href":"https:\/\/www.fokainternational.com\/fr\/wp-json\/wp\/v2\/pages"}],"about":[{"href":"https:\/\/www.fokainternational.com\/fr\/wp-json\/wp\/v2\/types\/page"}],"author":[{"embeddable":true,"href":"https:\/\/www.fokainternational.com\/fr\/wp-json\/wp\/v2\/users\/4"}],"replies":[{"embeddable":true,"href":"https:\/\/www.fokainternational.com\/fr\/wp-json\/wp\/v2\/comments?post=3179"}],"version-history":[{"count":3,"href":"https:\/\/www.fokainternational.com\/fr\/wp-json\/wp\/v2\/pages\/3179\/revisions"}],"predecessor-version":[{"id":3509,"href":"https:\/\/www.fokainternational.com\/fr\/wp-json\/wp\/v2\/pages\/3179\/revisions\/3509"}],"up":[{"embeddable":true,"href":"https:\/\/www.fokainternational.com\/fr\/wp-json\/wp\/v2\/pages\/3001"}],"wp:attachment":[{"href":"https:\/\/www.fokainternational.com\/fr\/wp-json\/wp\/v2\/media?parent=3179"}],"curies":[{"name":"wp","href":"https:\/\/api.w.org\/{rel}","templated":true}]}}