{"id":3177,"date":"2021-11-24T02:34:13","date_gmt":"2021-11-24T02:34:13","guid":{"rendered":"https:\/\/www.fokainternational.com\/?page_id=3177"},"modified":"2022-03-24T12:58:03","modified_gmt":"2022-03-24T16:58:03","slug":"our-beginnings","status":"publish","type":"page","link":"https:\/\/www.fokainternational.com\/fr\/about-us\/our-beginnings\/","title":{"rendered":"Nos d\u00e9buts"},"content":{"rendered":"<div class=\"fusion-fullwidth fullwidth-box fusion-builder-row-1 fusion-flex-container nonhundred-percent-fullwidth non-hundred-percent-height-scrolling\" style=\"background-color: rgba(255,255,255,0);background-position: center center;background-repeat: no-repeat;border-width: 0px 0px 0px 0px;border-color:rgba(0,0,0,0.08);border-style:solid;\" ><div class=\"fusion-builder-row fusion-row fusion-flex-align-items-flex-start\" style=\"max-width:1372.8px;margin-left: calc(-4% \/ 2 );margin-right: calc(-4% \/ 2 );\"><div class=\"fusion-layout-column fusion_builder_column fusion-builder-column-0 fusion_builder_column_1_2 1_2 fusion-flex-column fusion-flex-align-self-center\"><div class=\"fusion-column-wrapper fusion-flex-justify-content-flex-start fusion-content-layout-column\" style=\"background-position:left top;background-repeat:no-repeat;-webkit-background-size:cover;-moz-background-size:cover;-o-background-size:cover;background-size:cover;padding: 0px 0px 0px 0px;\"><style type=\"text\/css\">@media only screen and (max-width:1024px) {.fusion-title.fusion-title-1{margin-top:15px!important; margin-right:0px!important;margin-bottom:15px!important;margin-left:0px!important;}}@media only screen and (max-width:640px) {.fusion-title.fusion-title-1{margin-top:12px!important; margin-right:0px!important;margin-bottom:24px!important; margin-left:0px!important;}}<\/style><div class=\"fusion-title title fusion-title-1 fusion-sep-none fusion-title-text fusion-title-size-one\" style=\"font-size:30px;margin-top:15px;margin-right:0px;margin-bottom:15px;margin-left:0px;\"><h1 class=\"title-heading-left fusion-responsive-typography-calculated\" style=\"font-family:&quot;Poppins&quot;;margin:0;font-size:1em;--fontSize:30;line-height:1.12;\">Nos d\u00e9buts<\/h1><\/div><div class=\"fusion-text fusion-text-1\" style=\"font-size:16px;font-family:&quot;Poppins&quot;;\"><p>Notre passion pour les produits de haute qualit\u00e9 et les activit\u00e9s de distribution sont profond\u00e9ment ancr\u00e9es dans nos racines. Foka International s&#039;inscrit dans la continuit\u00e9 d&#039;une longue tradition d&#039;entreprise familiale. Pendant des d\u00e9cennies, nos parents et grands-parents ont toujours \u00e9t\u00e9 d\u00e9vou\u00e9s aux affaires. D\u00e8s leur plus jeune \u00e2ge, les jeunes enfants sont impliqu\u00e9s dans l&#039;entreprise \u00e0 diff\u00e9rents niveaux en soutien des parents.<\/p>\n<p>Il y a une dizaine d&#039;ann\u00e9es, une g\u00e9n\u00e9ration universitaire de petits-fils d&#039;entrepreneurs a fond\u00e9 Foka International. Cette \u00e9quipe de direction est d\u00e9di\u00e9e \u00e0 la qualit\u00e9, l&#039;honn\u00eatet\u00e9, la responsabilit\u00e9 civique et soci\u00e9tale. La comp\u00e9tence et le professionnalisme de l&#039;\u00e9quipe repr\u00e9sentent un atout pour l&#039;entreprise notamment par la compr\u00e9hension des enjeux et des besoins du march\u00e9.<\/p>\n<p>La gamme de produits de sp\u00e9cialit\u00e9 que nous distribuons ne cesse de s&#039;agrandir d&#039;ann\u00e9e en ann\u00e9e, \u00e0 mesure que nous recherchons de nouvelles gammes pour r\u00e9pondre aux besoins de nos clients. Nous sommes fiers de notre succ\u00e8s sur le march\u00e9 des aliments de sp\u00e9cialit\u00e9 et de la capacit\u00e9 de notre personnel exp\u00e9riment\u00e9 \u00e0 pr\u00e9voir efficacement la demande future du march\u00e9 et \u00e0 rechercher et commercialiser de mani\u00e8re proactive des produits pour r\u00e9pondre \u00e0 cette demande.<\/p>\n<\/div><\/div><style type=\"text\/css\">.fusion-body .fusion-builder-column-0{width:50% !important;margin-top : 20px;margin-bottom : 20px;}.fusion-builder-column-0 > .fusion-column-wrapper {padding-top : 0px !important;padding-right : 0px !important;margin-right : 0%;padding-bottom : 0px !important;padding-left : 0px !important;margin-left : 3.84%;}@media only screen and (max-width:1024px) {.fusion-body .fusion-builder-column-0{width:50% !important;order : 0;}.fusion-builder-column-0 > .fusion-column-wrapper {margin-right : 0%;margin-left : 3.84%;}}@media only screen and (max-width:640px) {.fusion-body .fusion-builder-column-0{width:100% !important;order : 0;}.fusion-builder-column-0 > .fusion-column-wrapper {margin-right : 1.92%;margin-left : 1.92%;}}<\/style><\/div><div class=\"fusion-layout-column fusion_builder_column fusion-builder-column-1 fusion_builder_column_1_2 1_2 fusion-flex-column fusion-flex-align-self-center\"><div class=\"fusion-column-wrapper fusion-flex-justify-content-flex-start fusion-content-layout-column\" style=\"background-position:left top;background-repeat:no-repeat;-webkit-background-size:cover;-moz-background-size:cover;-o-background-size:cover;background-size:cover;padding: 0px 0px 0px 0px;\"><div ><span class=\"fusion-imageframe imageframe-none imageframe-1 hover-type-none\" style=\"border-radius:8px;\"><img decoding=\"async\" width=\"1280\" height=\"853\" title=\"pexels-sora-shimazaki-5668842\" src=\"https:\/\/www.fokainternational.com\/wp-content\/uploads\/2022\/03\/pexels-sora-shimazaki-5668842.jpg\" data-orig-src=\"https:\/\/www.fokainternational.com\/wp-content\/uploads\/2022\/03\/pexels-sora-shimazaki-5668842.jpg\" alt class=\"lazyload img-responsive wp-image-3506\" srcset=\"data:image\/svg+xml,%3Csvg%20xmlns%3D%27http%3A%2F%2Fwww.w3.org%2F2000%2Fsvg%27%20width%3D%271280%27%20height%3D%27853%27%20viewBox%3D%270%200%201280%20853%27%3E%3Crect%20width%3D%271280%27%20height%3D%27853%27%20fill-opacity%3D%220%22%2F%3E%3C%2Fsvg%3E\" data-srcset=\"https:\/\/www.fokainternational.com\/wp-content\/uploads\/2022\/03\/pexels-sora-shimazaki-5668842-200x133.jpg 200w, https:\/\/www.fokainternational.com\/wp-content\/uploads\/2022\/03\/pexels-sora-shimazaki-5668842-400x267.jpg 400w, https:\/\/www.fokainternational.com\/wp-content\/uploads\/2022\/03\/pexels-sora-shimazaki-5668842-600x400.jpg 600w, https:\/\/www.fokainternational.com\/wp-content\/uploads\/2022\/03\/pexels-sora-shimazaki-5668842-800x533.jpg 800w, https:\/\/www.fokainternational.com\/wp-content\/uploads\/2022\/03\/pexels-sora-shimazaki-5668842-1200x800.jpg 1200w, https:\/\/www.fokainternational.com\/wp-content\/uploads\/2022\/03\/pexels-sora-shimazaki-5668842.jpg 1280w\" data-sizes=\"auto\" data-orig-sizes=\"(max-width: 640px) 100vw, 800px\" \/><\/span><\/div><\/div><style type=\"text\/css\">.fusion-body .fusion-builder-column-1{width:50% !important;margin-top : 20px;margin-bottom : 20px;}.fusion-builder-column-1 > .fusion-column-wrapper {padding-top : 0px !important;padding-right : 0px !important;margin-right : 3.84%;padding-bottom : 0px !important;padding-left : 0px !important;margin-left : 3.84%;}@media only screen and (max-width:1024px) {.fusion-body .fusion-builder-column-1{width:50% !important;order : 0;}.fusion-builder-column-1 > .fusion-column-wrapper {margin-right : 3.84%;margin-left : 3.84%;}}@media only screen and (max-width:640px) {.fusion-body .fusion-builder-column-1{width:100% !important;order : 0;}.fusion-builder-column-1 > .fusion-column-wrapper {margin-right : 1.92%;margin-left : 1.92%;}}<\/style><\/div><\/div><style type=\"text\/css\">.fusion-body .fusion-flex-container.fusion-builder-row-1{ padding-top : 35px;margin-top : 0px;padding-right : 0px;padding-bottom : 35px;margin-bottom : 0px;padding-left : 0px;}<\/style><\/div>","protected":false},"excerpt":{"rendered":"","protected":false},"author":4,"featured_media":0,"parent":3001,"menu_order":0,"comment_status":"closed","ping_status":"closed","template":"100-width.php","meta":{"footnotes":""},"class_list":["post-3177","page","type-page","status-publish","hentry"],"_links":{"self":[{"href":"https:\/\/www.fokainternational.com\/fr\/wp-json\/wp\/v2\/pages\/3177","targetHints":{"allow":["GET"]}}],"collection":[{"href":"https:\/\/www.fokainternational.com\/fr\/wp-json\/wp\/v2\/pages"}],"about":[{"href":"https:\/\/www.fokainternational.com\/fr\/wp-json\/wp\/v2\/types\/page"}],"author":[{"embeddable":true,"href":"https:\/\/www.fokainternational.com\/fr\/wp-json\/wp\/v2\/users\/4"}],"replies":[{"embeddable":true,"href":"https:\/\/www.fokainternational.com\/fr\/wp-json\/wp\/v2\/comments?post=3177"}],"version-history":[{"count":5,"href":"https:\/\/www.fokainternational.com\/fr\/wp-json\/wp\/v2\/pages\/3177\/revisions"}],"predecessor-version":[{"id":3507,"href":"https:\/\/www.fokainternational.com\/fr\/wp-json\/wp\/v2\/pages\/3177\/revisions\/3507"}],"up":[{"embeddable":true,"href":"https:\/\/www.fokainternational.com\/fr\/wp-json\/wp\/v2\/pages\/3001"}],"wp:attachment":[{"href":"https:\/\/www.fokainternational.com\/fr\/wp-json\/wp\/v2\/media?parent=3177"}],"curies":[{"name":"wp","href":"https:\/\/api.w.org\/{rel}","templated":true}]}}